{"id":913,"date":"2021-01-26T12:07:34","date_gmt":"2021-01-26T15:07:34","guid":{"rendered":"http:\/\/www.eacc.univasf.edu.br\/site\/?page_id=913"},"modified":"2024-11-29T10:17:36","modified_gmt":"2024-11-29T13:17:36","slug":"spacecast","status":"publish","type":"page","link":"https:\/\/eacc.univasf.edu.br\/index.php\/spacecast\/","title":{"rendered":"SpaceCast"},"content":{"rendered":"<p style=\"text-align: center;\"><img loading=\"lazy\" decoding=\"async\" class=\"alignnone wp-image-914\" src=\"https:\/\/eacc.univasf.edu.br\/wp-content\/uploads\/2021\/01\/SpaceCast-e1611673629182.jpeg\" alt=\"\" width=\"433\" height=\"433\" \/><\/p>\n<p style=\"text-align: justify;\">\u00a0 \u00a0 \u00a0 \u00a0O SpaceCast \u00e9\u00a0 um projeto do n\u00facleo de astronomia do EACC.<\/p>\n<p style=\"text-align: justify;\">\u00a0 \u00a0 \u00a0 Com frequ\u00eancia quinzenal, entrevistamos astr\u00f4nomos amadores e profissionais, que realizam projetos pelo Brasil e mundo afora.<\/p>\n<p style=\"text-align: justify;\">\u00a0 \u00a0 \u00a0 \u00a0 O SpaceCast est\u00e1 dispon\u00edvel nos agregadores <a href=\"https:\/\/linktr.ee\/SpaceCast_EACC\" target=\"_blank\" rel=\"noopener\">Deezer, Spotify, Spreaker e Google Podcast.<\/a><\/p>\n<hr \/>\n<p><strong>Coordena\u00e7\u00e3o:<\/strong> Milit\u00e3o Figueredo<br \/>\n<strong>Produ\u00e7\u00e3o e edi\u00e7\u00e3o:<\/strong> Hellen Nunes<\/p>\n<p style=\"text-align: justify;\">\n","protected":false},"excerpt":{"rendered":"<p>\u00a0 \u00a0 \u00a0 \u00a0O SpaceCast \u00e9\u00a0 um projeto do n\u00facleo de astronomia do EACC. \u00a0 \u00a0 \u00a0 Com frequ\u00eancia quinzenal, entrevistamos astr\u00f4nomos amadores e profissionais, que realizam projetos pelo Brasil e mundo afora. \u00a0 \u00a0 \u00a0 \u00a0 O SpaceCast est\u00e1 dispon\u00edvel nos agregadores Deezer, Spotify, Spreaker e Google Podcast. Coordena\u00e7\u00e3o: Milit\u00e3o Figueredo Produ\u00e7\u00e3o e edi\u00e7\u00e3o: <a href=\"https:\/\/eacc.univasf.edu.br\/index.php\/spacecast\/\" rel=\"nofollow\"><span class=\"sr-only\">Read more about SpaceCast<\/span>[&hellip;]<\/a><\/p>\n","protected":false},"author":1,"featured_media":914,"parent":0,"menu_order":0,"comment_status":"closed","ping_status":"closed","template":"","meta":{"footnotes":""},"class_list":["post-913","page","type-page","status-publish","has-post-thumbnail","hentry"],"_links":{"self":[{"href":"https:\/\/eacc.univasf.edu.br\/index.php\/wp-json\/wp\/v2\/pages\/913"}],"collection":[{"href":"https:\/\/eacc.univasf.edu.br\/index.php\/wp-json\/wp\/v2\/pages"}],"about":[{"href":"https:\/\/eacc.univasf.edu.br\/index.php\/wp-json\/wp\/v2\/types\/page"}],"author":[{"embeddable":true,"href":"https:\/\/eacc.univasf.edu.br\/index.php\/wp-json\/wp\/v2\/users\/1"}],"replies":[{"embeddable":true,"href":"https:\/\/eacc.univasf.edu.br\/index.php\/wp-json\/wp\/v2\/comments?post=913"}],"version-history":[{"count":6,"href":"https:\/\/eacc.univasf.edu.br\/index.php\/wp-json\/wp\/v2\/pages\/913\/revisions"}],"predecessor-version":[{"id":1743,"href":"https:\/\/eacc.univasf.edu.br\/index.php\/wp-json\/wp\/v2\/pages\/913\/revisions\/1743"}],"wp:featuredmedia":[{"embeddable":true,"href":"https:\/\/eacc.univasf.edu.br\/index.php\/wp-json\/wp\/v2\/media\/914"}],"wp:attachment":[{"href":"https:\/\/eacc.univasf.edu.br\/index.php\/wp-json\/wp\/v2\/media?parent=913"}],"curies":[{"name":"wp","href":"https:\/\/api.w.org\/{rel}","templated":true}]}}