{"id":765,"date":"2019-04-15T14:02:15","date_gmt":"2019-04-15T17:02:15","guid":{"rendered":"http:\/\/www.eacc.univasf.edu.br\/site\/?page_id=765"},"modified":"2025-11-26T16:40:40","modified_gmt":"2025-11-26T19:40:40","slug":"eacc-em-numeros-2019","status":"publish","type":"page","link":"https:\/\/eacc.univasf.edu.br\/index.php\/eacc-em-numeros-2019\/","title":{"rendered":"EACC em n\u00fameros 2019"},"content":{"rendered":"<p><strong>1) P\u00fablico Escolar<\/strong><br \/>\n<iframe loading=\"lazy\" width=\"647\" height=\"343\" seamless frameborder=\"0\" scrolling=\"no\" src=\"https:\/\/docs.google.com\/spreadsheets\/d\/e\/2PACX-1vSmntmMM9TvBAQZNrBRHN1sbSLhWBELg6x_DESqGW7rNg6I_ip-axbvhRlqYK2QJQ\/pubchart?oid=623578570&amp;format=interactive\"><\/iframe><\/p>\n<p><strong>Perfil das Escolas<\/strong><br \/>\n<iframe loading=\"lazy\" width=\"397\" height=\"247\" seamless frameborder=\"0\" scrolling=\"no\" src=\"https:\/\/docs.google.com\/spreadsheets\/d\/e\/2PACX-1vSmntmMM9TvBAQZNrBRHN1sbSLhWBELg6x_DESqGW7rNg6I_ip-axbvhRlqYK2QJQ\/pubchart?oid=743599698&amp;format=interactive\"><\/iframe><\/p>\n<p><iframe loading=\"lazy\" width=\"397\" height=\"247\" seamless frameborder=\"0\" scrolling=\"no\" src=\"https:\/\/docs.google.com\/spreadsheets\/d\/e\/2PACX-1vSmntmMM9TvBAQZNrBRHN1sbSLhWBELg6x_DESqGW7rNg6I_ip-axbvhRlqYK2QJQ\/pubchart?oid=508642433&amp;format=interactive\"><\/iframe><\/p>\n<p><iframe loading=\"lazy\" width=\"397\" height=\"247\" seamless frameborder=\"0\" scrolling=\"no\" src=\"https:\/\/docs.google.com\/spreadsheets\/d\/e\/2PACX-1vSmntmMM9TvBAQZNrBRHN1sbSLhWBELg6x_DESqGW7rNg6I_ip-axbvhRlqYK2QJQ\/pubchart?oid=1277153517&amp;format=interactive\"><\/iframe><\/p>\n<p><iframe loading=\"lazy\" width=\"397\" height=\"247\" seamless frameborder=\"0\" scrolling=\"no\" src=\"https:\/\/docs.google.com\/spreadsheets\/d\/e\/2PACX-1vSmntmMM9TvBAQZNrBRHN1sbSLhWBELg6x_DESqGW7rNg6I_ip-axbvhRlqYK2QJQ\/pubchart?oid=1598088057&amp;format=interactive\"><\/iframe><\/p>\n<p><strong>2) P\u00fablico Espont\u00e2neo<\/strong><br \/>\n<iframe loading=\"lazy\" width=\"542\" height=\"335\" seamless frameborder=\"0\" scrolling=\"no\" src=\"https:\/\/docs.google.com\/spreadsheets\/d\/e\/2PACX-1vSmntmMM9TvBAQZNrBRHN1sbSLhWBELg6x_DESqGW7rNg6I_ip-axbvhRlqYK2QJQ\/pubchart?oid=1978962529&amp;format=interactive\"><\/iframe><\/p>\n<p><strong>3) P\u00fablico Externo<\/strong><br \/>\n<iframe loading=\"lazy\" width=\"542\" height=\"380\" seamless frameborder=\"0\" scrolling=\"no\" src=\"https:\/\/docs.google.com\/spreadsheets\/d\/e\/2PACX-1vSmntmMM9TvBAQZNrBRHN1sbSLhWBELg6x_DESqGW7rNg6I_ip-axbvhRlqYK2QJQ\/pubchart?oid=792643895&amp;format=interactive\"><\/iframe><\/p>\n<p><strong>4) Capacita\u00e7\u00e3o<\/strong><br \/>\n<iframe loading=\"lazy\" width=\"542\" height=\"335\" seamless frameborder=\"0\" scrolling=\"no\" src=\"https:\/\/docs.google.com\/spreadsheets\/d\/e\/2PACX-1vSmntmMM9TvBAQZNrBRHN1sbSLhWBELg6x_DESqGW7rNg6I_ip-axbvhRlqYK2QJQ\/pubchart?oid=633829844&amp;format=interactive\"><\/iframe><\/p>\n<p><strong>5) Totais<\/strong><br \/>\n<iframe loading=\"lazy\" width=\"397\" height=\"247\" seamless frameborder=\"0\" scrolling=\"no\" src=\"https:\/\/docs.google.com\/spreadsheets\/d\/e\/2PACX-1vSmntmMM9TvBAQZNrBRHN1sbSLhWBELg6x_DESqGW7rNg6I_ip-axbvhRlqYK2QJQ\/pubchart?oid=1991263116&amp;format=interactive\"><\/iframe><\/p>\n<p><iframe loading=\"lazy\" width=\"256\" height=\"158\" seamless frameborder=\"0\" scrolling=\"no\" src=\"https:\/\/docs.google.com\/spreadsheets\/d\/e\/2PACX-1vSmntmMM9TvBAQZNrBRHN1sbSLhWBELg6x_DESqGW7rNg6I_ip-axbvhRlqYK2QJQ\/pubchart?oid=187896909&amp;format=interactive\"><\/iframe><\/p>\n","protected":false},"excerpt":{"rendered":"<p>1) P\u00fablico Escolar Perfil das Escolas 2) P\u00fablico Espont\u00e2neo 3) P\u00fablico Externo 4) Capacita\u00e7\u00e3o 5) Totais<\/p>\n","protected":false},"author":1,"featured_media":0,"parent":0,"menu_order":0,"comment_status":"closed","ping_status":"closed","template":"","meta":{"footnotes":""},"class_list":["post-765","page","type-page","status-publish","hentry"],"_links":{"self":[{"href":"https:\/\/eacc.univasf.edu.br\/index.php\/wp-json\/wp\/v2\/pages\/765"}],"collection":[{"href":"https:\/\/eacc.univasf.edu.br\/index.php\/wp-json\/wp\/v2\/pages"}],"about":[{"href":"https:\/\/eacc.univasf.edu.br\/index.php\/wp-json\/wp\/v2\/types\/page"}],"author":[{"embeddable":true,"href":"https:\/\/eacc.univasf.edu.br\/index.php\/wp-json\/wp\/v2\/users\/1"}],"replies":[{"embeddable":true,"href":"https:\/\/eacc.univasf.edu.br\/index.php\/wp-json\/wp\/v2\/comments?post=765"}],"version-history":[{"count":16,"href":"https:\/\/eacc.univasf.edu.br\/index.php\/wp-json\/wp\/v2\/pages\/765\/revisions"}],"predecessor-version":[{"id":1954,"href":"https:\/\/eacc.univasf.edu.br\/index.php\/wp-json\/wp\/v2\/pages\/765\/revisions\/1954"}],"wp:attachment":[{"href":"https:\/\/eacc.univasf.edu.br\/index.php\/wp-json\/wp\/v2\/media?parent=765"}],"curies":[{"name":"wp","href":"https:\/\/api.w.org\/{rel}","templated":true}]}}