{"id":674,"date":"2018-03-24T09:33:08","date_gmt":"2018-03-24T12:33:08","guid":{"rendered":"http:\/\/www.eacc.univasf.edu.br\/site\/?page_id=674"},"modified":"2025-11-26T16:26:39","modified_gmt":"2025-11-26T19:26:39","slug":"eacc-em-numeros-2018","status":"publish","type":"page","link":"https:\/\/eacc.univasf.edu.br\/index.php\/eacc-em-numeros-2018\/","title":{"rendered":"EACC em n\u00fameros 2018"},"content":{"rendered":"<p><strong>1) P\u00fablico Escolar<\/strong><br \/>\n<iframe loading=\"lazy\" width=\"711\" height=\"345\" seamless frameborder=\"0\" scrolling=\"no\" src=\"https:\/\/docs.google.com\/spreadsheets\/d\/e\/2PACX-1vQcnPfOo2vq8-ttN9S6SJ92JKY_SBko2gdotSAj_-h8jkWPsXTELXqpjx-pXXwnfQ\/pubchart?oid=1056923983&amp;format=interactive\"><\/iframe><\/p>\n<p><strong>Perfil das Escolas<\/strong><br \/>\n<iframe loading=\"lazy\" width=\"408\" height=\"254\" seamless frameborder=\"0\" scrolling=\"no\" src=\"https:\/\/docs.google.com\/spreadsheets\/d\/e\/2PACX-1vQcnPfOo2vq8-ttN9S6SJ92JKY_SBko2gdotSAj_-h8jkWPsXTELXqpjx-pXXwnfQ\/pubchart?oid=1127498815&amp;format=interactive\"><\/iframe><br \/>\n<iframe loading=\"lazy\" width=\"408\" height=\"254\" seamless frameborder=\"0\" scrolling=\"no\" src=\"https:\/\/docs.google.com\/spreadsheets\/d\/e\/2PACX-1vQcnPfOo2vq8-ttN9S6SJ92JKY_SBko2gdotSAj_-h8jkWPsXTELXqpjx-pXXwnfQ\/pubchart?oid=1068183217&amp;format=interactive\"><\/iframe><br \/>\n<iframe loading=\"lazy\" width=\"408\" height=\"254\" seamless frameborder=\"0\" scrolling=\"no\" src=\"https:\/\/docs.google.com\/spreadsheets\/d\/e\/2PACX-1vQcnPfOo2vq8-ttN9S6SJ92JKY_SBko2gdotSAj_-h8jkWPsXTELXqpjx-pXXwnfQ\/pubchart?oid=1248723255&amp;format=interactive\"><\/iframe><br \/>\n<iframe loading=\"lazy\" width=\"408\" height=\"254\" seamless frameborder=\"0\" scrolling=\"no\" src=\"https:\/\/docs.google.com\/spreadsheets\/d\/e\/2PACX-1vQcnPfOo2vq8-ttN9S6SJ92JKY_SBko2gdotSAj_-h8jkWPsXTELXqpjx-pXXwnfQ\/pubchart?oid=1724270249&amp;format=interactive\"><\/iframe><\/p>\n<p><strong>2) P\u00fablico Espont\u00e2neo<\/strong><\/p>\n<p><iframe loading=\"lazy\" width=\"542\" height=\"335\" seamless frameborder=\"0\" scrolling=\"no\" src=\"https:\/\/docs.google.com\/spreadsheets\/d\/e\/2PACX-1vQcnPfOo2vq8-ttN9S6SJ92JKY_SBko2gdotSAj_-h8jkWPsXTELXqpjx-pXXwnfQ\/pubchart?oid=1505949779&amp;format=interactive\"><\/iframe><\/p>\n<p><strong>3) Atendimentos Externos<\/strong><\/p>\n<p><iframe loading=\"lazy\" width=\"537\" height=\"332\" seamless frameborder=\"0\" scrolling=\"no\" src=\"https:\/\/docs.google.com\/spreadsheets\/d\/e\/2PACX-1vQcnPfOo2vq8-ttN9S6SJ92JKY_SBko2gdotSAj_-h8jkWPsXTELXqpjx-pXXwnfQ\/pubchart?oid=976707392&amp;format=interactive\"><\/iframe><\/p>\n<p><strong>4) Capacita\u00e7\u00e3o: alunos e professores de licenciatura<\/strong><\/p>\n<p><iframe loading=\"lazy\" width=\"537\" height=\"332\" seamless frameborder=\"0\" scrolling=\"no\" src=\"https:\/\/docs.google.com\/spreadsheets\/d\/e\/2PACX-1vQcnPfOo2vq8-ttN9S6SJ92JKY_SBko2gdotSAj_-h8jkWPsXTELXqpjx-pXXwnfQ\/pubchart?oid=2050043507&amp;format=interactive\"><\/iframe><\/p>\n<p><strong>TOTAIS<\/strong><\/p>\n<p><iframe loading=\"lazy\" width=\"408\" height=\"254\" seamless frameborder=\"0\" scrolling=\"no\" src=\"https:\/\/docs.google.com\/spreadsheets\/d\/e\/2PACX-1vQcnPfOo2vq8-ttN9S6SJ92JKY_SBko2gdotSAj_-h8jkWPsXTELXqpjx-pXXwnfQ\/pubchart?oid=85911719&amp;format=interactive\"><\/iframe><br \/>\n<iframe loading=\"lazy\" width=\"249\" height=\"156\" seamless frameborder=\"0\" scrolling=\"no\" src=\"https:\/\/docs.google.com\/spreadsheets\/d\/e\/2PACX-1vQcnPfOo2vq8-ttN9S6SJ92JKY_SBko2gdotSAj_-h8jkWPsXTELXqpjx-pXXwnfQ\/pubchart?oid=510573240&amp;format=interactive\"><\/iframe><\/p>\n","protected":false},"excerpt":{"rendered":"<p>1) P\u00fablico Escolar Perfil das Escolas 2) P\u00fablico Espont\u00e2neo 3) Atendimentos Externos 4) Capacita\u00e7\u00e3o: alunos e professores de licenciatura TOTAIS<\/p>\n","protected":false},"author":1,"featured_media":0,"parent":0,"menu_order":0,"comment_status":"closed","ping_status":"closed","template":"","meta":{"footnotes":""},"class_list":["post-674","page","type-page","status-publish","hentry"],"_links":{"self":[{"href":"https:\/\/eacc.univasf.edu.br\/index.php\/wp-json\/wp\/v2\/pages\/674"}],"collection":[{"href":"https:\/\/eacc.univasf.edu.br\/index.php\/wp-json\/wp\/v2\/pages"}],"about":[{"href":"https:\/\/eacc.univasf.edu.br\/index.php\/wp-json\/wp\/v2\/types\/page"}],"author":[{"embeddable":true,"href":"https:\/\/eacc.univasf.edu.br\/index.php\/wp-json\/wp\/v2\/users\/1"}],"replies":[{"embeddable":true,"href":"https:\/\/eacc.univasf.edu.br\/index.php\/wp-json\/wp\/v2\/comments?post=674"}],"version-history":[{"count":23,"href":"https:\/\/eacc.univasf.edu.br\/index.php\/wp-json\/wp\/v2\/pages\/674\/revisions"}],"predecessor-version":[{"id":1952,"href":"https:\/\/eacc.univasf.edu.br\/index.php\/wp-json\/wp\/v2\/pages\/674\/revisions\/1952"}],"wp:attachment":[{"href":"https:\/\/eacc.univasf.edu.br\/index.php\/wp-json\/wp\/v2\/media?parent=674"}],"curies":[{"name":"wp","href":"https:\/\/api.w.org\/{rel}","templated":true}]}}