{"id":223,"date":"2017-01-26T17:06:01","date_gmt":"2017-01-26T20:06:01","guid":{"rendered":"http:\/\/www.eacc.univasf.edu.br\/site\/?page_id=223"},"modified":"2025-11-26T15:14:32","modified_gmt":"2025-11-26T18:14:32","slug":"eacc-em-numeros","status":"publish","type":"page","link":"https:\/\/eacc.univasf.edu.br\/index.php\/eacc-em-numeros\/","title":{"rendered":"EACC em n\u00fameros"},"content":{"rendered":"<p>As atividades do EACC iniciaram-se em 2006, na \u00e9poca ECC. At\u00e9 o ano de 2010, segundo informa\u00e7\u00f5es da p\u00e1gina de not\u00edcias da UNIVASF, o p\u00fablico total foi de 18 mil visitantes,\u00a0(\u00a0<a href=\"http:\/\/goo.gl\/ngG2mE\" target=\"_blank\" rel=\"noopener\">http:\/\/goo.gl\/ngG2mE<\/a> ).<\/p>\n<p>Desde 2015, <a href=\"https:\/\/eacc-novo.univasf.edu.br\/index.php\/2015\/04\/28\/eacc-de-portas-abertas\/\" target=\"_blank\" rel=\"noopener\">quando o atendimento ao p\u00fablico escolar foi reaberto<\/a>, \u00e9 feito o registro dos atendimentos e seus detalhes.<br \/>\n<iframe loading=\"lazy\" width=\"600\" height=\"371\" seamless frameborder=\"0\" scrolling=\"no\" src=\"https:\/\/docs.google.com\/spreadsheets\/d\/e\/2PACX-1vQUEIlkCrtk0ARhPo7DKX7q9EKNeXphDyvd57qrX2wJC9ChixZXJq4xilqWzV0tmg\/pubchart?oid=681822387&amp;format=interactive\"><\/iframe><br \/>\n<strong>N\u00famero de pessoas atendidas desde 2015:<\/strong><br \/>\n<iframe loading=\"lazy\" width=\"94\" height=\"50\" seamless frameborder=\"0\" scrolling=\"no\" src=\"https:\/\/docs.google.com\/spreadsheets\/d\/e\/2PACX-1vQUEIlkCrtk0ARhPo7DKX7q9EKNeXphDyvd57qrX2wJC9ChixZXJq4xilqWzV0tmg\/pubchart?oid=658071041&amp;format=interactive\"><\/iframe><\/p>\n<p><iframe loading=\"lazy\" width=\"509\" height=\"315\" seamless frameborder=\"0\" scrolling=\"no\" src=\"https:\/\/docs.google.com\/spreadsheets\/d\/e\/2PACX-1vQUEIlkCrtk0ARhPo7DKX7q9EKNeXphDyvd57qrX2wJC9ChixZXJq4xilqWzV0tmg\/pubchart?oid=190189934&amp;format=interactive\"><\/iframe><\/p>\n<p><strong>Perfil das visitas<\/strong><br \/>\n<iframe loading=\"lazy\" width=\"509\" height=\"315\" seamless frameborder=\"0\" scrolling=\"no\" src=\"https:\/\/docs.google.com\/spreadsheets\/d\/e\/2PACX-1vQUEIlkCrtk0ARhPo7DKX7q9EKNeXphDyvd57qrX2wJC9ChixZXJq4xilqWzV0tmg\/pubchart?oid=104059184&amp;format=interactive\"><\/iframe><br \/>\n<iframe loading=\"lazy\" width=\"355\" height=\"179\" seamless frameborder=\"0\" scrolling=\"no\" src=\"https:\/\/docs.google.com\/spreadsheets\/d\/e\/2PACX-1vQUEIlkCrtk0ARhPo7DKX7q9EKNeXphDyvd57qrX2wJC9ChixZXJq4xilqWzV0tmg\/pubchart?oid=459592705&amp;format=interactive\"><\/iframe><\/p>\n<p><strong>Perfil das escolas<\/strong><br \/>\n<iframe loading=\"lazy\" width=\"471\" height=\"253\" seamless frameborder=\"0\" scrolling=\"no\" src=\"https:\/\/docs.google.com\/spreadsheets\/d\/e\/2PACX-1vQF-BtUfPl7rbl-DVGVtTkX_ruStsvaD5P1cXBIIcFOPDd1-Nk5_spuut4WXfzgKA\/pubchart?oid=1789605904&amp;format=interactive\"><\/iframe><br \/>\n<iframe loading=\"lazy\" width=\"471\" height=\"253\" seamless frameborder=\"0\" scrolling=\"no\" src=\"https:\/\/docs.google.com\/spreadsheets\/d\/e\/2PACX-1vQF-BtUfPl7rbl-DVGVtTkX_ruStsvaD5P1cXBIIcFOPDd1-Nk5_spuut4WXfzgKA\/pubchart?oid=1701597021&amp;format=interactive\"><\/iframe><br \/>\n<iframe loading=\"lazy\" width=\"471\" height=\"253\" seamless frameborder=\"0\" scrolling=\"no\" src=\"https:\/\/docs.google.com\/spreadsheets\/d\/e\/2PACX-1vQF-BtUfPl7rbl-DVGVtTkX_ruStsvaD5P1cXBIIcFOPDd1-Nk5_spuut4WXfzgKA\/pubchart?oid=688297017&amp;format=interactive\"><\/iframe><br \/>\n<iframe loading=\"lazy\" width=\"471\" height=\"253\" seamless frameborder=\"0\" scrolling=\"no\" src=\"https:\/\/docs.google.com\/spreadsheets\/d\/e\/2PACX-1vQF-BtUfPl7rbl-DVGVtTkX_ruStsvaD5P1cXBIIcFOPDd1-Nk5_spuut4WXfzgKA\/pubchart?oid=1165697030&amp;format=interactive\"><\/iframe><\/p>\n<ul>\n<li><a href=\"https:\/\/eacc.univasf.edu.br\/index.php\/eacc-em-numeros-2015\/\">P\u00fablico em 2015<\/a><\/li>\n<li><a href=\"https:\/\/eacc.univasf.edu.br\/index.php\/eacc-em-numeros-2016\/\">P\u00fablico em 2016<\/a><\/li>\n<li><a href=\"https:\/\/eacc.univasf.edu.br\/index.php\/eacc-em-numeros-2017\/\">P\u00fablico em 2017<\/a><\/li>\n<li><a href=\"https:\/\/eacc.univasf.edu.br\/index.php\/eacc-em-numeros-2018\/\" target=\"_blank\" rel=\"noopener\">P\u00fablico em 2018<\/a><\/li>\n<li><a href=\"https:\/\/eacc.univasf.edu.br\/index.php\/eacc-em-numeros-2019\/\" target=\"_blank\" rel=\"noopener\">P\u00fablico em 2019<\/a><\/li>\n<li><a href=\"https:\/\/eacc.univasf.edu.br\/index.php\/eacc-em-numeros-2020\/\" target=\"_blank\" rel=\"noopener\">P\u00fablico em 2020<\/a><\/li>\n<li><a href=\"https:\/\/eacc.univasf.edu.br\/index.php\/eacc-em-numeros-2022\/\" target=\"_blank\" rel=\"noopener\">P\u00fablico em 2022<\/a><\/li>\n<li><a href=\"https:\/\/eacc.univasf.edu.br\/index.php\/eacc-em-numeros-2023\/\" target=\"_blank\" rel=\"noopener\">P\u00fablico em 2023<\/a><\/li>\n<li><a href=\"https:\/\/eacc.univasf.edu.br\/index.php\/eacc-em-numeros\/eacc-em-numeros-2024\/\">P\u00fablico em 2024<\/a><\/li>\n<li><a href=\"https:\/\/eacc.univasf.edu.br\/index.php\/eacc-em-numeros-2025\/\">P\u00fablico em 2025<\/a><\/li>\n<\/ul>\n","protected":false},"excerpt":{"rendered":"<p>As atividades do EACC iniciaram-se em 2006, na \u00e9poca ECC. At\u00e9 o ano de 2010, segundo informa\u00e7\u00f5es da p\u00e1gina de not\u00edcias da UNIVASF, o p\u00fablico total foi de 18 mil visitantes,\u00a0(\u00a0http:\/\/goo.gl\/ngG2mE ). Desde 2015, quando o atendimento ao p\u00fablico escolar foi reaberto, \u00e9 feito o registro dos atendimentos e seus detalhes. N\u00famero de pessoas atendidas <a href=\"https:\/\/eacc.univasf.edu.br\/index.php\/eacc-em-numeros\/\" rel=\"nofollow\"><span class=\"sr-only\">Read more about EACC em n\u00fameros<\/span>[&hellip;]<\/a><\/p>\n","protected":false},"author":1,"featured_media":0,"parent":0,"menu_order":0,"comment_status":"closed","ping_status":"closed","template":"","meta":{"footnotes":""},"class_list":["post-223","page","type-page","status-publish","hentry"],"_links":{"self":[{"href":"https:\/\/eacc.univasf.edu.br\/index.php\/wp-json\/wp\/v2\/pages\/223"}],"collection":[{"href":"https:\/\/eacc.univasf.edu.br\/index.php\/wp-json\/wp\/v2\/pages"}],"about":[{"href":"https:\/\/eacc.univasf.edu.br\/index.php\/wp-json\/wp\/v2\/types\/page"}],"author":[{"embeddable":true,"href":"https:\/\/eacc.univasf.edu.br\/index.php\/wp-json\/wp\/v2\/users\/1"}],"replies":[{"embeddable":true,"href":"https:\/\/eacc.univasf.edu.br\/index.php\/wp-json\/wp\/v2\/comments?post=223"}],"version-history":[{"count":34,"href":"https:\/\/eacc.univasf.edu.br\/index.php\/wp-json\/wp\/v2\/pages\/223\/revisions"}],"predecessor-version":[{"id":1944,"href":"https:\/\/eacc.univasf.edu.br\/index.php\/wp-json\/wp\/v2\/pages\/223\/revisions\/1944"}],"wp:attachment":[{"href":"https:\/\/eacc.univasf.edu.br\/index.php\/wp-json\/wp\/v2\/media?parent=223"}],"curies":[{"name":"wp","href":"https:\/\/api.w.org\/{rel}","templated":true}]}}