{"id":1768,"date":"2025-05-13T10:52:47","date_gmt":"2025-05-13T13:52:47","guid":{"rendered":"https:\/\/eacc.univasf.edu.br\/?page_id=1768"},"modified":"2025-11-27T11:09:10","modified_gmt":"2025-11-27T14:09:10","slug":"eacc-em-numeros-2025","status":"publish","type":"page","link":"https:\/\/eacc.univasf.edu.br\/index.php\/eacc-em-numeros-2025\/","title":{"rendered":"EACC em n\u00fameros &#8211; 2025"},"content":{"rendered":"<p><strong>1) P\u00fablico Escolar<\/strong><\/p>\n<iframe loading=\"lazy\" width=\"791\" height=\"366\" seamless frameborder=\"0\" scrolling=\"no\" src=\"https:\/\/docs.google.com\/spreadsheets\/d\/e\/2PACX-1vT-sA3SZZmleYR80_QwPyHYuUTAtoFbQfS7k5IHHAGJm0cfBVvnAAYitY7b7TeOJg\/pubchart?oid=1655026482&amp;format=interactive\"><\/iframe>\n\n<p><strong> Perfil das Escolas<\/strong> <\/p>\n<iframe loading=\"lazy\" width=\"432\" height=\"250\" seamless frameborder=\"0\" scrolling=\"no\" src=\"https:\/\/docs.google.com\/spreadsheets\/d\/e\/2PACX-1vT-sA3SZZmleYR80_QwPyHYuUTAtoFbQfS7k5IHHAGJm0cfBVvnAAYitY7b7TeOJg\/pubchart?oid=440209301&amp;format=interactive\"><\/iframe>\n<iframe loading=\"lazy\" width=\"432\" height=\"250\" seamless frameborder=\"0\" scrolling=\"no\" src=\"https:\/\/docs.google.com\/spreadsheets\/d\/e\/2PACX-1vT-sA3SZZmleYR80_QwPyHYuUTAtoFbQfS7k5IHHAGJm0cfBVvnAAYitY7b7TeOJg\/pubchart?oid=974148028&amp;format=interactive\"><\/iframe>\n<iframe loading=\"lazy\" width=\"432\" height=\"250\" seamless frameborder=\"0\" scrolling=\"no\" src=\"https:\/\/docs.google.com\/spreadsheets\/d\/e\/2PACX-1vT-sA3SZZmleYR80_QwPyHYuUTAtoFbQfS7k5IHHAGJm0cfBVvnAAYitY7b7TeOJg\/pubchart?oid=1452120121&amp;format=interactive\"><\/iframe>\n<iframe loading=\"lazy\" width=\"432\" height=\"250\" seamless frameborder=\"0\" scrolling=\"no\" src=\"https:\/\/docs.google.com\/spreadsheets\/d\/e\/2PACX-1vT-sA3SZZmleYR80_QwPyHYuUTAtoFbQfS7k5IHHAGJm0cfBVvnAAYitY7b7TeOJg\/pubchart?oid=1266827608&amp;format=interactive\"><\/iframe>\n\n\n<p><strong>2) P\u00fablico Espont\u00e2neo<\/strong> <\/p>\n\n<iframe loading=\"lazy\" width=\"617\" height=\"429\" seamless frameborder=\"0\" scrolling=\"no\" src=\"https:\/\/docs.google.com\/spreadsheets\/d\/e\/2PACX-1vT-sA3SZZmleYR80_QwPyHYuUTAtoFbQfS7k5IHHAGJm0cfBVvnAAYitY7b7TeOJg\/pubchart?oid=319973987&amp;format=interactive\"><\/iframe>\n\n\n\n<p><strong>3) P\u00fablico Externo<\/strong> <\/p>\n\n<iframe loading=\"lazy\" width=\"617\" height=\"429\" seamless frameborder=\"0\" scrolling=\"no\" src=\"https:\/\/docs.google.com\/spreadsheets\/d\/e\/2PACX-1vT-sA3SZZmleYR80_QwPyHYuUTAtoFbQfS7k5IHHAGJm0cfBVvnAAYitY7b7TeOJg\/pubchart?oid=400294972&amp;format=interactive\"><\/iframe>\n\n\n<p><strong>4) Capacita\u00e7\u00e3o<\/strong> <\/p>\n\n<iframe loading=\"lazy\" width=\"617\" height=\"429\" seamless frameborder=\"0\" scrolling=\"no\" src=\"https:\/\/docs.google.com\/spreadsheets\/d\/e\/2PACX-1vT-sA3SZZmleYR80_QwPyHYuUTAtoFbQfS7k5IHHAGJm0cfBVvnAAYitY7b7TeOJg\/pubchart?oid=2032861956&amp;format=interactive\"><\/iframe>\n\n\n<p><strong>5) EACC vai \u00e0 Escola<\/strong> <\/p>\n\n<iframe loading=\"lazy\" width=\"805\" height=\"597\" seamless frameborder=\"0\" scrolling=\"no\" src=\"https:\/\/docs.google.com\/spreadsheets\/d\/e\/2PACX-1vT-sA3SZZmleYR80_QwPyHYuUTAtoFbQfS7k5IHHAGJm0cfBVvnAAYitY7b7TeOJg\/pubchart?oid=725260376&amp;format=interactive\"><\/iframe>\n\n\n<p><strong>6) Totais<\/strong> <\/p>\n<iframe loading=\"lazy\" width=\"438\" height=\"250\" seamless frameborder=\"0\" scrolling=\"no\" src=\"https:\/\/docs.google.com\/spreadsheets\/d\/e\/2PACX-1vT-sA3SZZmleYR80_QwPyHYuUTAtoFbQfS7k5IHHAGJm0cfBVvnAAYitY7b7TeOJg\/pubchart?oid=1017150430&amp;format=interactive\"><\/iframe>\n\n\n<iframe loading=\"lazy\" width=\"289\" height=\"179\" seamless frameborder=\"0\" scrolling=\"no\" src=\"https:\/\/docs.google.com\/spreadsheets\/d\/e\/2PACX-1vT-sA3SZZmleYR80_QwPyHYuUTAtoFbQfS7k5IHHAGJm0cfBVvnAAYitY7b7TeOJg\/pubchart?oid=1838460772&amp;format=interactive\"><\/iframe>","protected":false},"excerpt":{"rendered":"<p>1) P\u00fablico Escolar Perfil das Escolas 2) P\u00fablico Espont\u00e2neo 3) P\u00fablico Externo 4) Capacita\u00e7\u00e3o 5) EACC vai \u00e0 Escola 6) Totais<\/p>\n","protected":false},"author":19,"featured_media":0,"parent":0,"menu_order":0,"comment_status":"closed","ping_status":"closed","template":"","meta":{"footnotes":""},"class_list":["post-1768","page","type-page","status-publish","hentry"],"_links":{"self":[{"href":"https:\/\/eacc.univasf.edu.br\/index.php\/wp-json\/wp\/v2\/pages\/1768"}],"collection":[{"href":"https:\/\/eacc.univasf.edu.br\/index.php\/wp-json\/wp\/v2\/pages"}],"about":[{"href":"https:\/\/eacc.univasf.edu.br\/index.php\/wp-json\/wp\/v2\/types\/page"}],"author":[{"embeddable":true,"href":"https:\/\/eacc.univasf.edu.br\/index.php\/wp-json\/wp\/v2\/users\/19"}],"replies":[{"embeddable":true,"href":"https:\/\/eacc.univasf.edu.br\/index.php\/wp-json\/wp\/v2\/comments?post=1768"}],"version-history":[{"count":11,"href":"https:\/\/eacc.univasf.edu.br\/index.php\/wp-json\/wp\/v2\/pages\/1768\/revisions"}],"predecessor-version":[{"id":1964,"href":"https:\/\/eacc.univasf.edu.br\/index.php\/wp-json\/wp\/v2\/pages\/1768\/revisions\/1964"}],"wp:attachment":[{"href":"https:\/\/eacc.univasf.edu.br\/index.php\/wp-json\/wp\/v2\/media?parent=1768"}],"curies":[{"name":"wp","href":"https:\/\/api.w.org\/{rel}","templated":true}]}}