{"id":1542,"date":"2024-04-16T14:34:39","date_gmt":"2024-04-16T17:34:39","guid":{"rendered":"http:\/\/www.eacc.univasf.edu.br\/site\/?page_id=1542"},"modified":"2025-11-27T10:33:56","modified_gmt":"2025-11-27T13:33:56","slug":"eacc-em-numeros-2024","status":"publish","type":"page","link":"https:\/\/eacc.univasf.edu.br\/index.php\/eacc-em-numeros\/eacc-em-numeros-2024\/","title":{"rendered":"EACC em n\u00fameros &#8211; 2024"},"content":{"rendered":"<p><strong>1) P\u00fablico Escolar<\/strong><br \/>\n<iframe loading=\"lazy\" width=\"688\" height=\"341\" seamless frameborder=\"0\" scrolling=\"no\" src=\"https:\/\/docs.google.com\/spreadsheets\/d\/e\/2PACX-1vSzuf1EMSEe2Nv8V2-h7zS0gbZiXEULPojqTdOwlcHgYgtxtYrJog8uG__qNlPfHw\/pubchart?oid=1251846570&amp;format=interactive\"><\/iframe><\/p>\n<p><strong>Perfil das Escolas<\/strong><\/p>\n<p><iframe loading=\"lazy\" width=\"432\" height=\"250\" seamless frameborder=\"0\" scrolling=\"no\" src=\"https:\/\/docs.google.com\/spreadsheets\/d\/e\/2PACX-1vSzuf1EMSEe2Nv8V2-h7zS0gbZiXEULPojqTdOwlcHgYgtxtYrJog8uG__qNlPfHw\/pubchart?oid=440209301&amp;format=interactive\"><\/iframe><\/p>\n<p><iframe loading=\"lazy\" width=\"432\" height=\"250\" seamless frameborder=\"0\" scrolling=\"no\" src=\"https:\/\/docs.google.com\/spreadsheets\/d\/e\/2PACX-1vSzuf1EMSEe2Nv8V2-h7zS0gbZiXEULPojqTdOwlcHgYgtxtYrJog8uG__qNlPfHw\/pubchart?oid=974148028&amp;format=interactive\"><\/iframe><\/p>\n<p><iframe loading=\"lazy\" width=\"432\" height=\"250\" seamless frameborder=\"0\" scrolling=\"no\" src=\"https:\/\/docs.google.com\/spreadsheets\/d\/e\/2PACX-1vSzuf1EMSEe2Nv8V2-h7zS0gbZiXEULPojqTdOwlcHgYgtxtYrJog8uG__qNlPfHw\/pubchart?oid=1452120121&amp;format=interactive\"><\/iframe><\/p>\n<p><iframe loading=\"lazy\" width=\"432\" height=\"250\" seamless frameborder=\"0\" scrolling=\"no\" src=\"https:\/\/docs.google.com\/spreadsheets\/d\/e\/2PACX-1vSzuf1EMSEe2Nv8V2-h7zS0gbZiXEULPojqTdOwlcHgYgtxtYrJog8uG__qNlPfHw\/pubchart?oid=1266827608&amp;format=interactive\"><\/iframe><\/p>\n<p><strong>2) P\u00fablico Espont\u00e2neo<\/strong><br \/>\n<iframe loading=\"lazy\" width=\"617\" height=\"429\" seamless frameborder=\"0\" scrolling=\"no\" src=\"https:\/\/docs.google.com\/spreadsheets\/d\/e\/2PACX-1vSzuf1EMSEe2Nv8V2-h7zS0gbZiXEULPojqTdOwlcHgYgtxtYrJog8uG__qNlPfHw\/pubchart?oid=319973987&amp;format=interactive\"><\/iframe><\/p>\n<p><strong>3) P\u00fablico externo<\/strong><br \/>\n<iframe loading=\"lazy\" width=\"617\" height=\"429\" seamless frameborder=\"0\" scrolling=\"no\" src=\"https:\/\/docs.google.com\/spreadsheets\/d\/e\/2PACX-1vSzuf1EMSEe2Nv8V2-h7zS0gbZiXEULPojqTdOwlcHgYgtxtYrJog8uG__qNlPfHw\/pubchart?oid=400294972&amp;format=interactive\"><\/iframe><\/p>\n<p><strong>4) Capacita\u00e7\u00e3o<\/strong><br \/>\n<iframe loading=\"lazy\" width=\"617\" height=\"429\" seamless frameborder=\"0\" scrolling=\"no\" src=\"https:\/\/docs.google.com\/spreadsheets\/d\/e\/2PACX-1vSzuf1EMSEe2Nv8V2-h7zS0gbZiXEULPojqTdOwlcHgYgtxtYrJog8uG__qNlPfHw\/pubchart?oid=2032861956&amp;format=interactive\"><\/iframe><\/p>\n<p><strong>5) EACC vai \u00e0 Escola<\/strong><br \/>\n<iframe loading=\"lazy\" width=\"617\" height=\"429\" seamless frameborder=\"0\" scrolling=\"no\" src=\"https:\/\/docs.google.com\/spreadsheets\/d\/e\/2PACX-1vSzuf1EMSEe2Nv8V2-h7zS0gbZiXEULPojqTdOwlcHgYgtxtYrJog8uG__qNlPfHw\/pubchart?oid=725260376&amp;format=interactive\"><\/iframe><\/p>\n<p><strong>6) Totais<\/strong><br \/>\n<iframe loading=\"lazy\" width=\"438\" height=\"250\" seamless frameborder=\"0\" scrolling=\"no\" src=\"https:\/\/docs.google.com\/spreadsheets\/d\/e\/2PACX-1vSzuf1EMSEe2Nv8V2-h7zS0gbZiXEULPojqTdOwlcHgYgtxtYrJog8uG__qNlPfHw\/pubchart?oid=1017150430&amp;format=interactive\"><\/iframe><\/p>\n<p><iframe loading=\"lazy\" width=\"289\" height=\"179\" seamless frameborder=\"0\" scrolling=\"no\" src=\"https:\/\/docs.google.com\/spreadsheets\/d\/e\/2PACX-1vSzuf1EMSEe2Nv8V2-h7zS0gbZiXEULPojqTdOwlcHgYgtxtYrJog8uG__qNlPfHw\/pubchart?oid=1838460772&amp;format=interactive\"><\/iframe><\/p>\n","protected":false},"excerpt":{"rendered":"<p>1) P\u00fablico Escolar Perfil das Escolas 2) P\u00fablico Espont\u00e2neo 3) P\u00fablico externo 4) Capacita\u00e7\u00e3o 5) EACC vai \u00e0 Escola 6) Totais<\/p>\n","protected":false},"author":19,"featured_media":0,"parent":223,"menu_order":0,"comment_status":"closed","ping_status":"closed","template":"","meta":{"footnotes":""},"class_list":["post-1542","page","type-page","status-publish","hentry"],"_links":{"self":[{"href":"https:\/\/eacc.univasf.edu.br\/index.php\/wp-json\/wp\/v2\/pages\/1542"}],"collection":[{"href":"https:\/\/eacc.univasf.edu.br\/index.php\/wp-json\/wp\/v2\/pages"}],"about":[{"href":"https:\/\/eacc.univasf.edu.br\/index.php\/wp-json\/wp\/v2\/types\/page"}],"author":[{"embeddable":true,"href":"https:\/\/eacc.univasf.edu.br\/index.php\/wp-json\/wp\/v2\/users\/19"}],"replies":[{"embeddable":true,"href":"https:\/\/eacc.univasf.edu.br\/index.php\/wp-json\/wp\/v2\/comments?post=1542"}],"version-history":[{"count":3,"href":"https:\/\/eacc.univasf.edu.br\/index.php\/wp-json\/wp\/v2\/pages\/1542\/revisions"}],"predecessor-version":[{"id":1962,"href":"https:\/\/eacc.univasf.edu.br\/index.php\/wp-json\/wp\/v2\/pages\/1542\/revisions\/1962"}],"up":[{"embeddable":true,"href":"https:\/\/eacc.univasf.edu.br\/index.php\/wp-json\/wp\/v2\/pages\/223"}],"wp:attachment":[{"href":"https:\/\/eacc.univasf.edu.br\/index.php\/wp-json\/wp\/v2\/media?parent=1542"}],"curies":[{"name":"wp","href":"https:\/\/api.w.org\/{rel}","templated":true}]}}