{"id":1388,"date":"2023-04-26T10:32:13","date_gmt":"2023-04-26T13:32:13","guid":{"rendered":"http:\/\/www.eacc.univasf.edu.br\/site\/?page_id=1388"},"modified":"2025-11-27T10:05:21","modified_gmt":"2025-11-27T13:05:21","slug":"eacc-em-numeros-2023","status":"publish","type":"page","link":"https:\/\/eacc.univasf.edu.br\/index.php\/eacc-em-numeros-2023\/","title":{"rendered":"EACC em n\u00fameros \u2013 2023"},"content":{"rendered":"<h4><strong>1) P\u00fablico Escolar<\/strong><\/h4>\n<p><iframe loading=\"lazy\" width=\"664\" height=\"353\" seamless frameborder=\"0\" scrolling=\"no\" src=\"https:\/\/docs.google.com\/spreadsheets\/d\/e\/2PACX-1vS-1wd3m9wZyScSJDB_78-DV0NI6WyJVQlYNpmj10O6P-B04-tevwwCBXsAgNysGw\/pubchart?oid=1251846570&amp;format=interactive\"><\/iframe><\/p>\n<p><strong>Perfil das Escolas<\/strong><\/p>\n<p><iframe loading=\"lazy\" width=\"376\" height=\"192\" seamless frameborder=\"0\" scrolling=\"no\" src=\"https:\/\/docs.google.com\/spreadsheets\/d\/e\/2PACX-1vS-1wd3m9wZyScSJDB_78-DV0NI6WyJVQlYNpmj10O6P-B04-tevwwCBXsAgNysGw\/pubchart?oid=440209301&amp;format=interactive\"><\/iframe><\/p>\n<p><iframe loading=\"lazy\" width=\"376\" height=\"199\" seamless frameborder=\"0\" scrolling=\"no\" src=\"https:\/\/docs.google.com\/spreadsheets\/d\/e\/2PACX-1vS-1wd3m9wZyScSJDB_78-DV0NI6WyJVQlYNpmj10O6P-B04-tevwwCBXsAgNysGw\/pubchart?oid=974148028&amp;format=interactive\"><\/iframe><\/p>\n<p><iframe loading=\"lazy\" width=\"376\" height=\"208\" seamless frameborder=\"0\" scrolling=\"no\" src=\"https:\/\/docs.google.com\/spreadsheets\/d\/e\/2PACX-1vS-1wd3m9wZyScSJDB_78-DV0NI6WyJVQlYNpmj10O6P-B04-tevwwCBXsAgNysGw\/pubchart?oid=1452120121&amp;format=interactive\"><\/iframe><\/p>\n<p><iframe loading=\"lazy\" width=\"376\" height=\"208\" seamless frameborder=\"0\" scrolling=\"no\" src=\"https:\/\/docs.google.com\/spreadsheets\/d\/e\/2PACX-1vS-1wd3m9wZyScSJDB_78-DV0NI6WyJVQlYNpmj10O6P-B04-tevwwCBXsAgNysGw\/pubchart?oid=1266827608&amp;format=interactive\"><\/iframe><\/p>\n<p>&nbsp;<\/p>\n<h4><strong>2) P\u00fablico espont\u00e2neo<\/strong><\/h4>\n<p><iframe loading=\"lazy\" width=\"542\" height=\"335\" seamless frameborder=\"0\" scrolling=\"no\" src=\"https:\/\/docs.google.com\/spreadsheets\/d\/e\/2PACX-1vS-1wd3m9wZyScSJDB_78-DV0NI6WyJVQlYNpmj10O6P-B04-tevwwCBXsAgNysGw\/pubchart?oid=319973987&amp;format=interactive\"><\/iframe><\/p>\n<h4><strong>3) P\u00fablico externo<\/strong><\/h4>\n<p><iframe loading=\"lazy\" width=\"595\" height=\"413\" seamless frameborder=\"0\" scrolling=\"no\" src=\"https:\/\/docs.google.com\/spreadsheets\/d\/e\/2PACX-1vS-1wd3m9wZyScSJDB_78-DV0NI6WyJVQlYNpmj10O6P-B04-tevwwCBXsAgNysGw\/pubchart?oid=400294972&amp;format=interactive\"><\/iframe><\/p>\n<p><strong>4) Capacita\u00e7\u00e3o<\/strong><\/p>\n<p><iframe loading=\"lazy\" width=\"615\" height=\"380\" seamless frameborder=\"0\" scrolling=\"no\" src=\"https:\/\/docs.google.com\/spreadsheets\/d\/e\/2PACX-1vS-1wd3m9wZyScSJDB_78-DV0NI6WyJVQlYNpmj10O6P-B04-tevwwCBXsAgNysGw\/pubchart?oid=2032861956&amp;format=interactive\"><\/iframe><\/p>\n<p><strong>5) EACC vai \u00e0 escola<\/strong><br \/>\n<iframe loading=\"lazy\" width=\"615\" height=\"380\" seamless frameborder=\"0\" scrolling=\"no\" src=\"https:\/\/docs.google.com\/spreadsheets\/d\/e\/2PACX-1vS-1wd3m9wZyScSJDB_78-DV0NI6WyJVQlYNpmj10O6P-B04-tevwwCBXsAgNysGw\/pubchart?oid=725260376&amp;format=interactive\"><\/iframe><\/p>\n<p><strong>6) TOTAIS<\/strong><\/p>\n<p><iframe loading=\"lazy\" width=\"399\" height=\"250\" seamless frameborder=\"0\" scrolling=\"no\" src=\"https:\/\/docs.google.com\/spreadsheets\/d\/e\/2PACX-1vS-1wd3m9wZyScSJDB_78-DV0NI6WyJVQlYNpmj10O6P-B04-tevwwCBXsAgNysGw\/pubchart?oid=1017150430&amp;format=interactive\"><\/iframe><\/p>\n<p><iframe loading=\"lazy\" width=\"289\" height=\"179\" seamless frameborder=\"0\" scrolling=\"no\" src=\"https:\/\/docs.google.com\/spreadsheets\/d\/e\/2PACX-1vS-1wd3m9wZyScSJDB_78-DV0NI6WyJVQlYNpmj10O6P-B04-tevwwCBXsAgNysGw\/pubchart?oid=1838460772&amp;format=interactive\"><\/iframe><\/p>\n","protected":false},"excerpt":{"rendered":"<p>1) P\u00fablico Escolar Perfil das Escolas &nbsp; 2) P\u00fablico espont\u00e2neo 3) P\u00fablico externo 4) Capacita\u00e7\u00e3o 5) EACC vai \u00e0 escola 6) TOTAIS<\/p>\n","protected":false},"author":1,"featured_media":0,"parent":0,"menu_order":0,"comment_status":"closed","ping_status":"closed","template":"","meta":{"footnotes":""},"class_list":["post-1388","page","type-page","status-publish","hentry"],"_links":{"self":[{"href":"https:\/\/eacc.univasf.edu.br\/index.php\/wp-json\/wp\/v2\/pages\/1388"}],"collection":[{"href":"https:\/\/eacc.univasf.edu.br\/index.php\/wp-json\/wp\/v2\/pages"}],"about":[{"href":"https:\/\/eacc.univasf.edu.br\/index.php\/wp-json\/wp\/v2\/types\/page"}],"author":[{"embeddable":true,"href":"https:\/\/eacc.univasf.edu.br\/index.php\/wp-json\/wp\/v2\/users\/1"}],"replies":[{"embeddable":true,"href":"https:\/\/eacc.univasf.edu.br\/index.php\/wp-json\/wp\/v2\/comments?post=1388"}],"version-history":[{"count":19,"href":"https:\/\/eacc.univasf.edu.br\/index.php\/wp-json\/wp\/v2\/pages\/1388\/revisions"}],"predecessor-version":[{"id":1960,"href":"https:\/\/eacc.univasf.edu.br\/index.php\/wp-json\/wp\/v2\/pages\/1388\/revisions\/1960"}],"wp:attachment":[{"href":"https:\/\/eacc.univasf.edu.br\/index.php\/wp-json\/wp\/v2\/media?parent=1388"}],"curies":[{"name":"wp","href":"https:\/\/api.w.org\/{rel}","templated":true}]}}