{"id":1175,"date":"2022-08-29T10:39:54","date_gmt":"2022-08-29T13:39:54","guid":{"rendered":"http:\/\/www.eacc.univasf.edu.br\/site\/?page_id=1175"},"modified":"2025-11-27T09:18:06","modified_gmt":"2025-11-27T12:18:06","slug":"eacc-em-numeros-2022","status":"publish","type":"page","link":"https:\/\/eacc.univasf.edu.br\/index.php\/eacc-em-numeros-2022\/","title":{"rendered":"EACC em n\u00fameros &#8211; 2022"},"content":{"rendered":"<h4><strong>1) P\u00fablico Escolar<\/strong><\/h4>\n<p><iframe loading=\"lazy\" width=\"694\" height=\"378\" seamless frameborder=\"0\" scrolling=\"no\" src=\"https:\/\/docs.google.com\/spreadsheets\/d\/e\/2PACX-1vScxmigqOtj6RTBajNhTSr9AAepzZky3DMRvt0-sah8o81m6fZ8xtGgzN-ZRgUpuw\/pubchart?oid=17730016&amp;format=interactive\"><\/iframe><\/p>\n<p><strong>Perfil das Escolas<\/strong><\/p>\n<p><iframe loading=\"lazy\" width=\"411\" height=\"257\" seamless frameborder=\"0\" scrolling=\"no\" src=\"https:\/\/docs.google.com\/spreadsheets\/d\/e\/2PACX-1vScxmigqOtj6RTBajNhTSr9AAepzZky3DMRvt0-sah8o81m6fZ8xtGgzN-ZRgUpuw\/pubchart?oid=1757128408&amp;format=interactive\"><\/iframe><br \/>\n<iframe loading=\"lazy\" width=\"411\" height=\"257\" seamless frameborder=\"0\" scrolling=\"no\" src=\"https:\/\/docs.google.com\/spreadsheets\/d\/e\/2PACX-1vScxmigqOtj6RTBajNhTSr9AAepzZky3DMRvt0-sah8o81m6fZ8xtGgzN-ZRgUpuw\/pubchart?oid=839617391&amp;format=interactive\"><\/iframe><br \/>\n<iframe loading=\"lazy\" width=\"411\" height=\"257\" seamless frameborder=\"0\" scrolling=\"no\" src=\"https:\/\/docs.google.com\/spreadsheets\/d\/e\/2PACX-1vScxmigqOtj6RTBajNhTSr9AAepzZky3DMRvt0-sah8o81m6fZ8xtGgzN-ZRgUpuw\/pubchart?oid=1720793788&amp;format=interactive\"><\/iframe><br \/>\n<iframe loading=\"lazy\" width=\"411\" height=\"257\" seamless frameborder=\"0\" scrolling=\"no\" src=\"https:\/\/docs.google.com\/spreadsheets\/d\/e\/2PACX-1vScxmigqOtj6RTBajNhTSr9AAepzZky3DMRvt0-sah8o81m6fZ8xtGgzN-ZRgUpuw\/pubchart?oid=986481414&amp;format=interactive\"><\/iframe><\/p>\n<h4><strong>2) P\u00fablico espont\u00e2neo<\/strong><\/h4>\n<p><iframe loading=\"lazy\" width=\"542\" height=\"335\" seamless frameborder=\"0\" scrolling=\"no\" src=\"https:\/\/docs.google.com\/spreadsheets\/d\/e\/2PACX-1vScxmigqOtj6RTBajNhTSr9AAepzZky3DMRvt0-sah8o81m6fZ8xtGgzN-ZRgUpuw\/pubchart?oid=449260266&amp;format=interactive\"><\/iframe><br \/>\n<strong>3) Atendimento externo<\/strong><br \/>\n<iframe loading=\"lazy\" width=\"542\" height=\"378\" seamless frameborder=\"0\" scrolling=\"no\" src=\"https:\/\/docs.google.com\/spreadsheets\/d\/e\/2PACX-1vScxmigqOtj6RTBajNhTSr9AAepzZky3DMRvt0-sah8o81m6fZ8xtGgzN-ZRgUpuw\/pubchart?oid=493866084&amp;format=interactive\"><\/iframe><br \/>\n<strong>4) Capacita\u00e7\u00e3o: alunos e professores de licenciatura<\/strong><br \/>\n<iframe loading=\"lazy\" width=\"542\" height=\"335\" seamless frameborder=\"0\" scrolling=\"no\" src=\"https:\/\/docs.google.com\/spreadsheets\/d\/e\/2PACX-1vScxmigqOtj6RTBajNhTSr9AAepzZky3DMRvt0-sah8o81m6fZ8xtGgzN-ZRgUpuw\/pubchart?oid=2096836297&amp;format=interactive\"><\/iframe><\/p>\n<p><strong>5) TOTAIS<\/strong><br \/>\n<iframe loading=\"lazy\" width=\"411\" height=\"257\" seamless frameborder=\"0\" scrolling=\"no\" src=\"https:\/\/docs.google.com\/spreadsheets\/d\/e\/2PACX-1vScxmigqOtj6RTBajNhTSr9AAepzZky3DMRvt0-sah8o81m6fZ8xtGgzN-ZRgUpuw\/pubchart?oid=1080571972&amp;format=interactive\"><\/iframe><br \/>\n<iframe loading=\"lazy\" width=\"250\" height=\"154\" seamless frameborder=\"0\" scrolling=\"no\" src=\"https:\/\/docs.google.com\/spreadsheets\/d\/e\/2PACX-1vScxmigqOtj6RTBajNhTSr9AAepzZky3DMRvt0-sah8o81m6fZ8xtGgzN-ZRgUpuw\/pubchart?oid=591955831&amp;format=interactive\"><\/iframe><\/p>\n","protected":false},"excerpt":{"rendered":"<p>1) P\u00fablico Escolar Perfil das Escolas 2) P\u00fablico espont\u00e2neo 3) Atendimento externo 4) Capacita\u00e7\u00e3o: alunos e professores de licenciatura 5) TOTAIS<\/p>\n","protected":false},"author":1,"featured_media":0,"parent":0,"menu_order":0,"comment_status":"closed","ping_status":"closed","template":"","meta":{"footnotes":""},"class_list":["post-1175","page","type-page","status-publish","hentry"],"_links":{"self":[{"href":"https:\/\/eacc.univasf.edu.br\/index.php\/wp-json\/wp\/v2\/pages\/1175"}],"collection":[{"href":"https:\/\/eacc.univasf.edu.br\/index.php\/wp-json\/wp\/v2\/pages"}],"about":[{"href":"https:\/\/eacc.univasf.edu.br\/index.php\/wp-json\/wp\/v2\/types\/page"}],"author":[{"embeddable":true,"href":"https:\/\/eacc.univasf.edu.br\/index.php\/wp-json\/wp\/v2\/users\/1"}],"replies":[{"embeddable":true,"href":"https:\/\/eacc.univasf.edu.br\/index.php\/wp-json\/wp\/v2\/comments?post=1175"}],"version-history":[{"count":5,"href":"https:\/\/eacc.univasf.edu.br\/index.php\/wp-json\/wp\/v2\/pages\/1175\/revisions"}],"predecessor-version":[{"id":1958,"href":"https:\/\/eacc.univasf.edu.br\/index.php\/wp-json\/wp\/v2\/pages\/1175\/revisions\/1958"}],"wp:attachment":[{"href":"https:\/\/eacc.univasf.edu.br\/index.php\/wp-json\/wp\/v2\/media?parent=1175"}],"curies":[{"name":"wp","href":"https:\/\/api.w.org\/{rel}","templated":true}]}}